{"id":3657,"date":"2016-04-23T16:19:25","date_gmt":"2016-04-23T14:19:25","guid":{"rendered":"https:\/\/hacklabterni.org\/?page_id=3657"},"modified":"2016-07-30T10:18:54","modified_gmt":"2016-07-30T08:18:54","slug":"terni-maker-festival-2016","status":"publish","type":"page","link":"https:\/\/hacklabterni.org\/?page_id=3657","title":{"rendered":"Terni Maker Festival 2016"},"content":{"rendered":"<p><a href=\"https:\/\/hacklabterni.org\/wp-uploads\/2016\/04\/trmf2016-e1461408482716.jpg\"><img loading=\"lazy\" decoding=\"async\" class=\"alignnone size-full wp-image-3659\" alt=\"trmf2016\" src=\"https:\/\/hacklabterni.org\/wp-uploads\/2016\/04\/trmf2016-e1461408482716.jpg\" width=\"350\" height=\"417\" srcset=\"https:\/\/hacklabterni.org\/wp-uploads\/2016\/04\/trmf2016-e1461408482716.jpg 350w, https:\/\/hacklabterni.org\/wp-uploads\/2016\/04\/trmf2016-e1461408482716-251x300.jpg 251w\" sizes=\"auto, (max-width: 350px) 100vw, 350px\" \/><\/a><\/p>\n<p>Il 7 Maggio 2016, al Museo CAOS, torna il Terni Maker Festival: \u00a0un&#8217;occasione per tutta la famiglia di passare una giornata curiosando tra le novit\u00e0 tecnologiche pi\u00f9 divertenti: espositori, laboratori e conferenze adatte a tutti.<br \/>\nTerni Maker Festival 2016 \u00e8 realizzato con il contributo della <a title=\"Fondazione Cassa di Risparmio di Terni e Narni\" href=\"http:\/\/www.fondazionecarit.it\/\" target=\"_blank\">Fondazione Cassa di Risparmio di Terni e Narni<\/a>.<\/p>\n<p>Al suo interno ci sar\u00e0 la premiazione dello Young Maker Festival: 11 progetti realizzati da ragazzi sotto i 30 anni, singoli o in gruppo, si contenderanno i sostanziosi premi finali.<br \/>\nVieni a scegliere il tuo preferito!<br \/>\nLo Young Maker Festival \u00e8 stato reso possibile grazie all&#8217;<a href=\"https:\/\/www.ottopermillevaldese.org\/\" target=\"_blank\">8&#215;1000 alla Chiesa Valdese e Metodista<\/a>.<\/p>\n<p><strong>Video e foto del festival<\/strong><\/p>\n<p><iframe loading=\"lazy\" width=\"854\" height=\"480\" src=\"https:\/\/www.youtube.com\/embed\/C5TkkyIwRZc\" frameborder=\"0\" allowfullscreen><\/iframe><\/p>\n<p><iframe loading=\"lazy\" src=\"https:\/\/www.youtube.com\/embed\/jn3HVo0L3Ng\" height=\"480\" width=\"854\" allowfullscreen=\"\" frameborder=\"0\"><\/iframe><\/p>\n<!-- Flickr Justified Gallery Wordpress Plugin by Miro Mannino -->\n<div id=\"flickrGal0\" class=\"justified-gallery\" ><a href=\"https:\/\/live.staticflickr.com\/7162\/27098586002_8ed193fdf8_b.jpg\" rel=\"flickrGal0\" title=\"IMG_9714\"><img decoding=\"async\" alt=\"IMG_9714\" src=\"https:\/\/farm8.static.flickr.com\/7162\/27098586002_8ed193fdf8_m.jpg\" data-safe-src=\"https:\/\/farm8.static.flickr.com\/7162\/27098586002_8ed193fdf8_m.jpg\" \/><\/a><a href=\"https:\/\/live.staticflickr.com\/7022\/26919418080_6ed520f5a5_b.jpg\" rel=\"flickrGal0\" title=\"IMG_9734\"><img decoding=\"async\" alt=\"IMG_9734\" src=\"https:\/\/farm8.static.flickr.com\/7022\/26919418080_6ed520f5a5_m.jpg\" data-safe-src=\"https:\/\/farm8.static.flickr.com\/7022\/26919418080_6ed520f5a5_m.jpg\" \/><\/a><a href=\"https:\/\/live.staticflickr.com\/7553\/26919413380_358b9a428b_b.jpg\" rel=\"flickrGal0\" title=\"IMG_9735\"><img decoding=\"async\" alt=\"IMG_9735\" src=\"https:\/\/farm8.static.flickr.com\/7553\/26919413380_358b9a428b_m.jpg\" data-safe-src=\"https:\/\/farm8.static.flickr.com\/7553\/26919413380_358b9a428b_m.jpg\" \/><\/a><a href=\"https:\/\/live.staticflickr.com\/7431\/26588259404_4c0447c4bc_b.jpg\" rel=\"flickrGal0\" title=\"IMG_9736\"><img decoding=\"async\" alt=\"IMG_9736\" src=\"https:\/\/farm8.static.flickr.com\/7431\/26588259404_4c0447c4bc_m.jpg\" data-safe-src=\"https:\/\/farm8.static.flickr.com\/7431\/26588259404_4c0447c4bc_m.jpg\" \/><\/a><a href=\"https:\/\/live.staticflickr.com\/7513\/26589352593_bed62165ed_b.jpg\" rel=\"flickrGal0\" title=\"IMG_9761\"><img decoding=\"async\" alt=\"IMG_9761\" src=\"https:\/\/farm8.static.flickr.com\/7513\/26589352593_bed62165ed_m.jpg\" data-safe-src=\"https:\/\/farm8.static.flickr.com\/7513\/26589352593_bed62165ed_m.jpg\" \/><\/a><a href=\"https:\/\/live.staticflickr.com\/7658\/26919385330_96e283cfbf_b.jpg\" rel=\"flickrGal0\" title=\"IMG_9762\"><img decoding=\"async\" alt=\"IMG_9762\" src=\"https:\/\/farm8.static.flickr.com\/7658\/26919385330_96e283cfbf_m.jpg\" data-safe-src=\"https:\/\/farm8.static.flickr.com\/7658\/26919385330_96e283cfbf_m.jpg\" \/><\/a><a href=\"https:\/\/live.staticflickr.com\/7022\/26919378070_9ea84648d6_b.jpg\" rel=\"flickrGal0\" title=\"IMG_9763\"><img decoding=\"async\" alt=\"IMG_9763\" src=\"https:\/\/farm8.static.flickr.com\/7022\/26919378070_9ea84648d6_m.jpg\" data-safe-src=\"https:\/\/farm8.static.flickr.com\/7022\/26919378070_9ea84648d6_m.jpg\" \/><\/a><a href=\"https:\/\/live.staticflickr.com\/7415\/26919370120_2a8f5c9784_b.jpg\" rel=\"flickrGal0\" title=\"IMG_9771\"><img decoding=\"async\" alt=\"IMG_9771\" src=\"https:\/\/farm8.static.flickr.com\/7415\/26919370120_2a8f5c9784_m.jpg\" data-safe-src=\"https:\/\/farm8.static.flickr.com\/7415\/26919370120_2a8f5c9784_m.jpg\" \/><\/a><a href=\"https:\/\/live.staticflickr.com\/7604\/26588225444_2581ab3800_b.jpg\" rel=\"flickrGal0\" title=\"IMG_9772\"><img decoding=\"async\" alt=\"IMG_9772\" src=\"https:\/\/farm8.static.flickr.com\/7604\/26588225444_2581ab3800_m.jpg\" data-safe-src=\"https:\/\/farm8.static.flickr.com\/7604\/26588225444_2581ab3800_m.jpg\" \/><\/a><a href=\"https:\/\/live.staticflickr.com\/7160\/26589315493_60cee28d50_b.jpg\" rel=\"flickrGal0\" title=\"IMG_9775\"><img decoding=\"async\" alt=\"IMG_9775\" src=\"https:\/\/farm8.static.flickr.com\/7160\/26589315493_60cee28d50_m.jpg\" data-safe-src=\"https:\/\/farm8.static.flickr.com\/7160\/26589315493_60cee28d50_m.jpg\" \/><\/a><\/div><div class=\"page-links\"><span class=\"page-links-title\">Pages:<\/span> <span>1<\/span> <a href=\"https:\/\/hacklabterni.org\/?page_id=3657&page=2\"><span>2<\/span><\/a> <a href=\"https:\/\/hacklabterni.org\/?page_id=3657&page=3\"><span>3<\/span><\/a> <a href=\"https:\/\/hacklabterni.org\/?page_id=3657&page=4\"><span>4<\/span><\/a> <a href=\"https:\/\/hacklabterni.org\/?page_id=3657&page=5\"><span>5<\/span><\/a> <\/div>\n<p><br\\><br \/>\n<strong>Programma del festival<\/strong><\/p>\n<p><strong>ESPOSITORI DELLO YOUNG MAKER FESTIVAL &#8211; Sala Carroponte &#8211; dalle 10.00 alle 18.00<\/strong><\/p>\n<ul>\n<li><strong>Endoscopio telecomandato per scavi archeologici<br \/>\n<\/strong><span style=\"line-height: 1.71429; font-size: 1rem;\">Il nostro endoscopio serve per l&#8217;esplorazione di piccole cavit\u00e0 con una parte mobile controllata tramite un telecomando. Il tutto verr\u00e0 realizzato a basso costo e totalmente open source.<br \/>\n<\/span><span style=\"line-height: 1.71429; font-size: 1rem;\">Presentato da\u00a0Ariton Teodor Catalin<\/span><\/li>\n<li><strong>Smart Overalls<br \/>\n<\/strong><span style=\"line-height: 1.71429; font-size: 1rem;\">Ancora oggi in Italia le statistiche sugli incidenti sul lavoro dimostrano come la cultura della sicurezza debba ancora diffondersi . Come la cintura di sicurezza delle automobili, che &#8220;avverte&#8221; il conducente in caso di dimenticanza, si \u00e8 pensato di utilizzare un sistema simile per la sicurezza.<br \/>\n<\/span><span style=\"line-height: 1.71429; font-size: 1rem;\">Presentato\u00a0dalle classi 4aet (elettrotecnici) e 5aia (informatici) dell\u2019ITT \u201callievi-Sangallo\u201d di Terni.<\/span><\/li>\n<li><strong>Music Tesla Coil<br \/>\n<\/strong><span style=\"line-height: 1.71429; font-size: 1rem;\">Questo progetto consiste nella realizzazione di una bobina di Tesla comandata tramite un segnale audio.<br \/>\n<\/span><span style=\"line-height: 1.71429; font-size: 1rem;\">Presentato da Riccardo Manoni.<\/span><\/li>\n<li><strong>Sonar Eyes<br \/>\n<\/strong><span style=\"line-height: 1.71429; font-size: 1rem;\">Il progetto \u00e8 rivolto a tutte quelle applicazioni che richiedono la misurazione della distanza, in pi\u00f9 pu\u00f2 essere usato anche dai non vedenti, come ulteriore aiuto quotidiano.<br \/>\n<\/span><span style=\"line-height: 1.71429; font-size: 1rem;\">Presentato da Riccardo Francescangeli.<\/span><\/li>\n<li><strong>Il bidone in rete<br \/>\n<\/strong><span style=\"line-height: 1.71429; font-size: 1rem;\">Si intende realizzare un bidone dell&#8217;immondizia intelligente che comunica quando \u00e8 pieno all&#8217;azienda rifiuti, in particolaresi intende anche realizzare una pagina web in cui \u00e8 possibile controllare quali bidoni relativi a un&#8217;area sono pieni e quali no ed eseguire lo svuotamento.<br \/>\n<\/span><span style=\"line-height: 1.71429; font-size: 1rem;\">Presentato da un gruppo di studenti dell\u2019I.I.S Rosatelli di Rieti.<\/span><\/li>\n<li><strong>Amb.Uino<br \/>\n<\/strong><span style=\"line-height: 1.71429; font-size: 1rem;\">Creare un Laboratorio di Fisica con elaborazione dati in tempo reale utilizzando open hardware ed open software.<br \/>\n<\/span><span style=\"line-height: 1.71429; font-size: 1rem;\">Presentato da\u00a015 studenti delle classi quarte, Scienze Applicate, del Liceo \u2018Renato Donatelli\u2019 di Terni.<\/span><\/li>\n<li><strong>Stacker-ino<br \/>\n<\/strong><span style=\"line-height: 1.71429; font-size: 1rem;\">Il progetto si basa sulla realizzazione di un cabinato in scala del gioco stacker, un arcade famoso nelle sale gioco giapponesi dove l&#8217;obbiettivo e impilare dei blocchi. La struttura \u00e8 molto semplice, una matrice di led che si illumina in sequenza il tutto comandato da Arduino.<br \/>\n<\/span><span style=\"line-height: 1.71429; font-size: 1rem;\">Presentato da\u00a0Xhuliano Bushi.<\/span><\/li>\n<li><strong>Ecobox Terraformer<br \/>\n<\/strong><span style=\"line-height: 1.71429; font-size: 1rem;\">EcoBox \u00e8 un contenitore in atmosfera controllata per lo studio di ecosistemi. Partendo da un ambiente arido privo di vita, si dovr\u00e0 sbloccare l\u2019accesso a nuovi livelli di complessit\u00e0 rilasciando le Life-Spores, capsule con gli ingredienti necessari allo sviluppo di forme di vita sempre pi\u00f9 evolute.<br \/>\n<\/span><span style=\"line-height: 1.71429; font-size: 1rem;\">Presentato da\u00a0Jacopo Diamanti e Pierluigi Cox.<\/span><\/li>\n<li><strong>Pd-5 Virtual Analog Synthesizer<br \/>\n<\/strong><span style=\"line-height: 1.71429; font-size: 1rem;\">Realizzazione software\/hardware di un sintetizzatore basato sul synth analogico Yamaha CS-5. a cui sono stati aggiunti vari moduli non presenti nell&#8217;originale. Realizzato su piattaforma Raspberry Pi + Arduino.<br \/>\n<\/span><span style=\"line-height: 1.71429; font-size: 1rem;\">Presentato da Mario Buoninfante.<\/span><\/li>\n<li><strong style=\"line-height: 1.71429; font-size: 1rem;\">Wall-Do<br \/>\n<\/strong><span style=\"line-height: 1.71429; font-size: 1rem;\">Wall-Do \u00e8 una soluzione rapida per la domotica. Una volta accesa la base di controllo \u00e8 possibile posizionare dispositivi wireless (widget) in tutta la stanza. Pulsanti, display, Social spot e tanti altri. I widget posso essere impostati e personalizzati tramite applicazione su smartphone o tablet.<br \/>\n<\/span><span style=\"line-height: 1.71429; font-size: 1rem;\">Presentato da\u00a0Jacopo Diamanti.<\/span><\/li>\n<li><strong style=\"line-height: 1.71429; font-size: 1rem;\">Minetest and More<br \/>\n<\/strong><span style=\"line-height: 1.71429; font-size: 1rem;\">Il progetto sperimenta in maniera trasversale, l&#8217;utilizzo della realt\u00e0 virtuale di Minetest per programmare e controllare un robot reale come MBOT, basato su Arduino.<br \/>\n<\/span><span style=\"line-height: 1.71429; font-size: 1rem;\">Presentato da un gruppo di ragazzi dello\u00a0Hack-Maker Space all\u2019interno della Biblioteca Pubblica di Fabriano (Ancona).<\/span><\/li>\n<\/ul>\n<p><strong>ESPOSITORI &#8211; Sala Carroponte &#8211; dalle 10.00 alle 18.00<\/strong><\/p>\n<ul>\n<li><strong>I.I.S &#8220;C. Rosatelli&#8221; di Rieti<br \/>\n&#8220;Dalla soffitta al laboratorio&#8221;<br \/>\n<\/strong>Obiettivo del progetto \u201c Dalla soffitta al laboratorio\u201d, ideato dall\u2019I.I.S. \u201cC. Rosatelli\u201d, \u00e8 il recupero di vecchi giocattoli, che i nativi digitali trovano poco attraenti, puntando sul loro restyiling da un punto di vista tecnologico. In quest\u2019ottica, le obsolete piste di automobiline si dotano di impianti di telemetria con possibilit\u00e0 di venir collegati ad un pc per seguirne il numero di giri, velocit\u00e0 media, giro pi\u00f9 veloce, ecc. Le vecchie automobili elettriche vengono guidate a distanza attraverso telecomandi in disuso, tablet o smartphone. Allo stesso modo un gioco molto diffuso, quale \u201cL\u2019allegro chirurgo\u201d, si arricchisce di un\u2019interfaccia grafica per seguire a distanza gli interventi eseguiti per gioco.<br \/>\n<a href=\"http:\/\/www.rosatelli.it\/wordpress\/dalla-soffitta-al-laboratorio\/\" target=\"_blank\">Sito del progetto<\/a><\/li>\n<li><strong>Daniele Leandri<\/strong><br \/>\n<strong>&#8220;Pitturino&#8221;<\/strong><br \/>\nPitturino campiona il colore di un punto di una foto (.jpg) o Webcam e tramite miscelazione di quattro colori (a tempera atossica Giotto) Cyan, Magenta Yellow, Key(Black) produce la tinta desiderata pronta per essere utilizzata con un pennello su di una tela. Il software di Pitturino consente di catturare le coordinate di colore (CMYK) di un punto di una foto o di una tavolozza. Tali coordinate sono successivamente inviate ad un Arduino che provvede infine a dosare, tramite 5 pompe peristaltiche automatizzate, le componenti del colore desiderato. Miscelando infine sulla tavolozza queste componenti otterremmo il colore (tempera) desiderato pronto per essere utilizzato sulla tela.<br \/>\n<a href=\"https:\/\/coloraconpitturino.wordpress.com\/\" target=\"_blank\">Sito del progetto<\/a><\/li>\n<li><strong>Giuseppe Torino<\/strong><br \/>\n<strong>&#8220;Power alerter&#8221;<br \/>\n<\/strong>Il progetto si compone di due parti, un server ed un client, entrambi realizzati con un Arduino, ed alcuni componenti esterni. Si ispira all&#8217;Open Energy Monitor (https:\/\/openenergymonitor.org) del quale utilizza una versione leggermente modificata del EmonTx. Lo scopo \u00e8 quello di misurare la potenza istantanea assorbita dall&#8217;impianto elettrico e di inviarla tramite un semplice server socket, tramite LAN, ad un client che ha lo scopo di visualizzarla su un display. Il client inoltre ha un cicalino che avvisa se viene superata la potenza massima prevista dal fornitore di energia elettrica.<br \/>\n<a href=\"http:\/\/clockgenerator.blogspot.it\/2016\/04\/energy-alerter.html\" target=\"_blank\">Sito del progetto<\/a><\/li>\n<li><strong>Matter Pattern<\/strong><br \/>\n<strong>&#8220;Matter Pattern&#8221;<br \/>\n<\/strong>MatterPattern \u00e8 un progetto di ricerca sulla fabbricazione digitale che tenta di unire il disegno parametrico, attraverso software algoritmico, di pattern geometrici tradizionali con i diversi materiali, per mezzo della lavorazione di diverse macchine a controllo numerico.<br \/>\n<a href=\"http:\/\/matterpattern.com\/\" target=\"_blank\">Sito del progetto<\/a><\/li>\n<li><strong>Dawid di\u00a0ITIS Merloni e Makerspace Biblioteca &#8220;R.Sassi&#8221; Fabriano<\/strong><br \/>\n<strong>&#8220;V4V&#8221;<\/strong><br \/>\nIl progetto V4V &#8211; V for Vendemmia \u00e8 un tributo al progetto del laboratorio cantina della Facolt\u00e0 di Informatica dell&#8217;Universit\u00e0 di Bologna condotto dal prof. Renzo Davoli. Il progetto \u00e8 sviluppato all&#8217;interno del makerspace della Biblioteca Pubblica di Fabriano con l&#8217;associazione PDP Free Software User Group V4V \u00e8 una postazione all&#8217;interno di una biblioteca pubblica dove \u00e8 possibile vendemmiare (scaricare) sulla propria pen drive una distro GNU\/Linux a scelta dall&#8217;utente, e in modo da poter effettuare il boot direttamente da USB. Uno dei giovani ragazzi del makerspace, Dawid Weglarz, sta sviluppando l&#8217;interfaccia web, gi\u00e0 funzionante, come progetto finale per il diploma di perito informatico.<br \/>\n<a href=\"https:\/\/plus.google.com\/112862693801108701105\/posts\" target=\"_blank\">Sito del progetto<\/a><\/li>\n<li><strong>Federico Massarelli &#8211;\u00a0Francesco Gentili<\/strong><br \/>\n<strong>&#8220;Amplificatore a valvole&#8221;<\/strong><br \/>\nAmplificatore valvolare in classe A, partendo da uno schema degli anni 60, in\u00a0grado di riprodurre musica hi-fi.<\/li>\n<\/ul>\n<p><strong>CONFERENZE &#8211; Sala dell&#8217;orologio<\/strong><\/p>\n<ul>\n<li>10:30 <strong>Presentazione della manifestazione<\/strong><\/li>\n<li>11.00<strong style=\"font-size: 1rem; line-height: 1.71429;\">\u00a0Selvaggia Fagioli &#8211; Terni Business Group<br \/>\n<\/strong><em>Terni Business Group: come il networking pu\u00f2 far crescere la citt\u00e0<br \/>\n<\/em><span style=\"line-height: 1.71429; font-size: 1rem;\">Il networking online e offline, come nuovo paradigma di business. Gli effetti positivi del networking: knowledge sharing, job rotation, new business opportunities. Il Terni Business Group a servizio della citt\u00e0: mentoring e coaching per i giovani.<\/span><\/li>\n<li><strong>\u00a0<\/strong>11.45<strong> Makerspace della Biblioteca Multimediale di Fabriano (AN)<br \/>\n<\/strong><em>Makerspace in una bibioteca pubblica<br \/>\n<\/em>Sulla base dei nuovi paradigmi di apprendimento e dei modelli di biblioteca diffusi soprattutto negli Stati Uniti e nel Nord Europa, si \u00e8 cominciato a ripensare la biblioteca come luogo di condivisione delle informazioni, delle tecnologie e delle idee.\u00a0<strong><br \/>\n<\/strong><\/li>\n<li>12.15<strong> Luca Ferroni\u00a0<\/strong><br \/>\n<em>Software libero e le basi della open culture<\/em><\/li>\n<li>15.00 <strong>Francesco Coppola &#8211; Liceo Scientifico &#8220;V.Volterra&#8221; Fabriano<\/strong><br \/>\n<em>Synth Nano &#8211; sintetizzatore analogico realizzato con Arduino Nano<\/em><\/li>\n<li>15.30<strong> Federico Allegretti<br \/>\n<\/strong><em>Raspberry PI: il mini pc a basso costo con Linux<\/em><\/li>\n<li>16:30 <strong>Michele Feroli \u2013 Siralab Robotics<\/strong><br \/>\n<em><span style=\"font-size: 1rem; line-height: 1.71429;\">A bordo della robotica, un viaggio verso i droni 2.0<\/span><\/em><\/li>\n<li>17.30<strong style=\"line-height: 1.71429; font-size: 1rem;\"> Brevi presentazioni dei progetti dello Young Maker Festival e premiazione<\/strong><\/li>\n<li>19.00 <strong>Premiazione dei progetti vincitori dello Young Maker Festival<\/strong><\/li>\n<\/ul>\n<p><strong>LABORATORI<\/strong><\/p>\n<ul>\n<li><strong>Programmare con Minetest<br \/>\n<\/strong>In questo laboratorio giocheremo con MINETEST (versione open e free di Minecraft)\u00a0 e\u00a0 useremo una speciale mod MESECONS per programmare semplici meccanismi in linguaggio Lua.<br \/>\nSaranno disponibili due laboratori da 1 ora ciascuno, alle 16.00 e alle 17.30.<br \/>\n<a href=\"https:\/\/minetest.eventbrite.it\" target=\"_blank\">Questo \u00e8 il link per iscriversi<\/a>.<br \/>\nA cura dello\u00a0Hack-Maker Space all\u2019interno della Biblioteca Pubblica di Fabriano (Ancona).<\/li>\n<li><strong>Introduzione al taglio laser<br \/>\n<\/strong>workshop TAGLIO LASER con Arch.\u00a0<a href=\"https:\/\/www.facebook.com\/alessandro.capati.5\" data-hovercard=\"\/ajax\/hovercard\/user.php?id=656991120&amp;extragetparams=%7B%22directed_target_id%22%3A679509608853436%7D\">Alessandro Capati<\/a><br \/>\nIl corso \u00e8 rivolto alla progettazione di oggetti adatti ad essere prodotti con il taglio laser, attraverso la realizzazione di un disegno esecutivo e l\u2019utilizzo di software dedicati. Al termine ciascun partecipante sar\u00e0 in grado di produrre in autonomia un file esecutivo per il taglio laser e di realizzare il taglio con la macchina.<br \/>\nProgramma:<br \/>\n\u2022 Introduzione alla fabbricazione digitale e all&#8217;utilizzo di macchine CNC<br \/>\n\u2022 Progettare per il taglio: utilizzo di software per il disegno vettoriale e ottimizzazione file per il taglio laser<br \/>\n\u2022 Principio di funzionamento di un plotter da taglio laser Co2 e dei componenti ausiliari<br \/>\n\u2022 Applicazioni pratiche su pi\u00f9 materiali, con opzioni e finalit\u00e0 differenti<br \/>\n\u2022 Sistemi di incastro e nodi<br \/>\n\u2022 Aperitivo finale<br \/>\nAlessandro Capati \u00e8 architetto, designer, modellista, esperto in tecnologie CNC, lavora presso Green Tales, start up con base a Terni che opera nel campo della prototipazione, del reverse engineering, della ricerca e sviluppo per nuovi prodotti. Nel suo recente passato ha lavorato a vari progetti di architettura, attivit\u00e0 di ricerca, organizzazione di eventi pubblici, corsi di formazione.<br \/>\nNB I corsi permettono di ottenere 4 crediti da parte dell&#8217;Ordine degli Architetti OAPPC Terni (10\u20ac spese di segreteria)<br \/>\nI corsi si svolgeranno c\/o\u00a0<a id=\"js_1f\" href=\"https:\/\/www.facebook.com\/GreenTalessrl\/\" data-hovercard=\"\/ajax\/hovercard\/page.php?id=261929630627090&amp;extragetparams=%7B%22directed_target_id%22%3A679509608853436%7D\">Green Tales<\/a>\u00a0FAB LAB<br \/>\nVia Luigi Casale, 4 c\/o Italeaf, Terni<br \/>\nper informazioni e iscrizioni mandare email a info@weekhand.it<br \/>\ncosto del corso 30\u20ac compreso aperitivo finale offerto da\u00a0<a href=\"https:\/\/www.facebook.com\/lapalazzola\/\" data-hovercard=\"\/ajax\/hovercard\/page.php?id=47325614451&amp;extragetparams=%7B%22directed_target_id%22%3A679509608853436%7D\">La Palazzola | Azienda Agricola La Palazzola di Stefano Grilli<\/a>\u00a0e da @Vitisvinifera drink&amp;food<strong><br \/>\n<\/strong><\/li>\n<\/ul>\n<p><span style=\"color: #000000; font-family: Arial; font-size: 13px; line-height: normal; white-space: pre-wrap;\">\u00a0<strong>LIVE-SET<\/strong><\/span><\/p>\n<ul>\n<li><strong>Cobol Pongide<\/strong><br \/>\nAreaLab, ore 21.00 &#8211; dopo il successo del Music Maker Day, torna a Terni il duo umano\/umanoide<\/li>\n<li><strong>Mario Buoninfante<\/strong><br \/>\nAreaLab, ore 22.00 &#8211; a grande richiesta, dopo la performance della scorsa edizione<\/li>\n<\/ul>\n<p>&nbsp;<\/p>\n<p><a href=\"https:\/\/www.ottopermillevaldese.org\/\" target=\"_blank\"><img loading=\"lazy\" decoding=\"async\" class=\"alignnone size-full wp-image-3556\" alt=\"logo-png\" src=\"https:\/\/hacklabterni.org\/wp-uploads\/2016\/02\/logo-png.png\" width=\"350\" height=\"227\" srcset=\"https:\/\/hacklabterni.org\/wp-uploads\/2016\/02\/logo-png.png 350w, https:\/\/hacklabterni.org\/wp-uploads\/2016\/02\/logo-png-300x194.png 300w\" sizes=\"auto, (max-width: 350px) 100vw, 350px\" \/><\/a><\/p>\n<p><a href=\"http:\/\/www.fondazionecarit.it\/\" target=\"_blank\"><img loading=\"lazy\" decoding=\"async\" class=\"alignnone size-large wp-image-3677\" alt=\"Logo_quadricromia\" src=\"https:\/\/hacklabterni.org\/wp-uploads\/2016\/04\/Logo_quadricromia-e1461950252667-1024x402.jpg\" width=\"625\" height=\"245\" srcset=\"https:\/\/hacklabterni.org\/wp-uploads\/2016\/04\/Logo_quadricromia-e1461950252667-1024x402.jpg 1024w, https:\/\/hacklabterni.org\/wp-uploads\/2016\/04\/Logo_quadricromia-e1461950252667-300x117.jpg 300w, https:\/\/hacklabterni.org\/wp-uploads\/2016\/04\/Logo_quadricromia-e1461950252667.jpg 1860w\" sizes=\"auto, (max-width: 625px) 100vw, 625px\" \/><\/a><\/p>\n","protected":false},"excerpt":{"rendered":"<p>Il 7 Maggio 2016, al Museo CAOS, torna il Terni Maker Festival: \u00a0un&#8217;occasione per tutta la famiglia di passare una giornata curiosando tra le novit\u00e0 tecnologiche pi\u00f9 divertenti: espositori, laboratori [&hellip;]<\/p>\n","protected":false},"author":1,"featured_media":0,"parent":0,"menu_order":0,"comment_status":"open","ping_status":"open","template":"","meta":{"footnotes":""},"class_list":["post-3657","page","type-page","status-publish","hentry"],"_links":{"self":[{"href":"https:\/\/hacklabterni.org\/index.php?rest_route=\/wp\/v2\/pages\/3657","targetHints":{"allow":["GET"]}}],"collection":[{"href":"https:\/\/hacklabterni.org\/index.php?rest_route=\/wp\/v2\/pages"}],"about":[{"href":"https:\/\/hacklabterni.org\/index.php?rest_route=\/wp\/v2\/types\/page"}],"author":[{"embeddable":true,"href":"https:\/\/hacklabterni.org\/index.php?rest_route=\/wp\/v2\/users\/1"}],"replies":[{"embeddable":true,"href":"https:\/\/hacklabterni.org\/index.php?rest_route=%2Fwp%2Fv2%2Fcomments&post=3657"}],"version-history":[{"count":31,"href":"https:\/\/hacklabterni.org\/index.php?rest_route=\/wp\/v2\/pages\/3657\/revisions"}],"predecessor-version":[{"id":3707,"href":"https:\/\/hacklabterni.org\/index.php?rest_route=\/wp\/v2\/pages\/3657\/revisions\/3707"}],"wp:attachment":[{"href":"https:\/\/hacklabterni.org\/index.php?rest_route=%2Fwp%2Fv2%2Fmedia&parent=3657"}],"curies":[{"name":"wp","href":"https:\/\/api.w.org\/{rel}","templated":true}]}}