{"id":4021,"date":"2018-01-23T18:12:34","date_gmt":"2018-01-23T17:12:34","guid":{"rendered":"https:\/\/hacklabterni.org\/?page_id=4021"},"modified":"2025-07-08T09:57:51","modified_gmt":"2025-07-08T07:57:51","slug":"fablab","status":"publish","type":"page","link":"https:\/\/hacklabterni.org\/?page_id=4021","title":{"rendered":"FABLAB"},"content":{"rendered":"<p>Il laboratorio dell&#8217;HackLab ha raccolto nel corso della sua evoluzione numerosi strumenti che sono messi a disposizione di chiunque \u00e8 desideroso di dar vita alle proprie uniche creazioni.<\/p>\n<p>E&#8217; necessario essere iscritti all&#8217;associazione per usufruire della strumentazione e della sede.<br \/>\nLa quota associativa \u00e8 di 20\u20ac all&#8217;anno, da Gennaio a Dicembre.<\/p>\n<p>La maggior parte dei macchinari sono stati acquistati come parte di progetti finanziati attraverso l&#8217;<a href=\"https:\/\/www.ottopermillevaldese.org\/\" target=\"_blank\" rel=\"noopener noreferrer\">OTTO PER MILLE alla CHIESA VALDESE<\/a>.<\/p>\n<p>Esaminiamo ora, pi\u00f9 da vicino, i vari strumenti:<\/p>\n<ul>\n<li><strong>Ultimaker 3 extended<\/strong><\/li>\n<\/ul>\n<p><a href=\"https:\/\/hacklabterni.org\/wp-uploads\/2018\/01\/1.jpg.jpeg\"><img loading=\"lazy\" decoding=\"async\" class=\"size-medium wp-image-4064 aligncenter\" src=\"https:\/\/hacklabterni.org\/wp-uploads\/2018\/01\/1.jpg-200x300.jpeg\" alt=\"\" width=\"200\" height=\"300\" srcset=\"https:\/\/hacklabterni.org\/wp-uploads\/2018\/01\/1.jpg-200x300.jpeg 200w, https:\/\/hacklabterni.org\/wp-uploads\/2018\/01\/1.jpg.jpeg 363w\" sizes=\"auto, (max-width: 200px) 100vw, 200px\" \/><\/a><\/p>\n<p><strong>Ultimaker 3 Extended<\/strong>\u00a0\u00e8 una stampante\u00a0 3D di grandi dimensioni con la quale realizzare progetti voluminosi e dalle geometrie complesse grazie al\u00a0<strong>doppio ugello retrattile<\/strong>\u00a0di estrusione che supporta combinazioni di materiali come\u00a0<strong>PLA<\/strong>\u00a0e\u00a0<strong>PVA<\/strong>.<\/p>\n<p>Si sviluppa in altezza, consentendo sull\u2019asse Z di arrivare a\u00a0<strong>300 mm stampabili<\/strong>. La stampante possiede un doppio estrusore che funziona realmente. Con Ultimaker 3 Extended si possono combinare materiali e colori o costruire supporti solubili in acqua per\u00a0 parti meccaniche complesse e superfici intricate.<br \/>\nStampa con una vasta gamma di materiali, tra cui\u00a0<strong>Nylon, PLA, ABS, CPE e PVA.<\/strong><\/p>\n<p>Ricordiamo che il\u00a0<strong>PVA \u00e8 idrosolubile<\/strong>, perfetto per realizzare supporti removibili.<br \/>\nUltimaker 3 Extended rileva e identifica il materiale sul portabobina e controlla la corrispondenza del tipo di filamento con il blocco-estrusore di stampa in uso.<\/p>\n<p>Infine, con Ultimaker 3 Extended si pu\u00f2 monitorare ogni stampa grazie ad una videocamera integrata e lanciare le stampe con la connessione\u00a0<strong>Wi-Fi<\/strong>.<\/p>\n<ul>\n<li><strong>Bambu Lab X1-Carbon<\/strong><\/li>\n<\/ul>\n<p><img loading=\"lazy\" decoding=\"async\" class=\"wp-image-5367 aligncenter\" src=\"https:\/\/hacklabterni.org\/wp-uploads\/2025\/07\/bambulab.jpg\" alt=\"Bambulab\" width=\"282\" height=\"282\" srcset=\"https:\/\/hacklabterni.org\/wp-uploads\/2025\/07\/bambulab.jpg 650w, https:\/\/hacklabterni.org\/wp-uploads\/2025\/07\/bambulab-300x300.jpg 300w, https:\/\/hacklabterni.org\/wp-uploads\/2025\/07\/bambulab-150x150.jpg 150w\" sizes=\"auto, (max-width: 282px) 100vw, 282px\" \/><\/p>\n<p>La Bambu Lab X1-Carbon Combo ha le seguenti caratteristiche: accelerazione del core XY fino a 20000 mm\/s\u00b2, fino a 16 colori per stampa, doppio auto livellamento del piatto, risoluzione del lidar di 7 \u03bcm, controllo dell&#8217;adesione del primo livello attraverso Intelligenza Artificiale, creazione di video time-lapse automatici e rilevamento degli errori &#8220;spaghetti&#8221;.<\/p>\n<ul>\n<li><strong>Hephestos 2<\/strong><\/li>\n<\/ul>\n<p><a href=\"https:\/\/hacklabterni.org\/wp-uploads\/2018\/01\/2.jpg.jpeg\"><img loading=\"lazy\" decoding=\"async\" class=\"wp-image-4065 size-medium aligncenter\" src=\"https:\/\/hacklabterni.org\/wp-uploads\/2018\/01\/2.jpg-259x300.jpeg\" alt=\"\" width=\"259\" height=\"300\" srcset=\"https:\/\/hacklabterni.org\/wp-uploads\/2018\/01\/2.jpg-259x300.jpeg 259w, https:\/\/hacklabterni.org\/wp-uploads\/2018\/01\/2.jpg.jpeg 284w\" sizes=\"auto, (max-width: 259px) 100vw, 259px\" \/><\/a><\/p>\n<p>Hephestos 2 \u00e8 una stampante\u00a0 3D professionale. Pu\u00f2 stampare pezzi con la maggior parte di materiali sul mercato, come il filamento di bronzo, di legno o di rame. Inoltre stampa senza difficolt\u00e0 materiali flessibili come il Filaflex.<\/p>\n<ul>\n<li><strong>Shapeoko<\/strong><\/li>\n<\/ul>\n<p><a href=\"https:\/\/hacklabterni.org\/wp-uploads\/2018\/01\/4.jpg\"><img loading=\"lazy\" decoding=\"async\" class=\"wp-image-4032 size-medium aligncenter\" src=\"https:\/\/hacklabterni.org\/wp-uploads\/2018\/01\/4-300x114.jpg\" alt=\"\" width=\"300\" height=\"114\" srcset=\"https:\/\/hacklabterni.org\/wp-uploads\/2018\/01\/4-300x114.jpg 300w, https:\/\/hacklabterni.org\/wp-uploads\/2018\/01\/4-768x291.jpg 768w, https:\/\/hacklabterni.org\/wp-uploads\/2018\/01\/4-1024x388.jpg 1024w, https:\/\/hacklabterni.org\/wp-uploads\/2018\/01\/4-750x284.jpg 750w, https:\/\/hacklabterni.org\/wp-uploads\/2018\/01\/4.jpg 1103w\" sizes=\"auto, (max-width: 300px) 100vw, 300px\" \/><\/a><\/p>\n<p>La Shapeoko 3 \u00e8 la macchina pi\u00f9 potente, con struttura rigida in alluminio, che consente di pezzi ottenere accurati da vari materiali quali legno, plastica, alluminio, fibra di carbonio, PBC e metallo.<\/p>\n<ul>\n<li><strong>Stepcraft 840<\/strong><\/li>\n<\/ul>\n<p><a href=\"https:\/\/hacklabterni.org\/wp-uploads\/2018\/01\/6.jpg.jpeg\"><img loading=\"lazy\" decoding=\"async\" class=\"wp-image-4067 size-medium aligncenter\" src=\"https:\/\/hacklabterni.org\/wp-uploads\/2018\/01\/6.jpg-300x198.jpeg\" alt=\"\" width=\"300\" height=\"198\" srcset=\"https:\/\/hacklabterni.org\/wp-uploads\/2018\/01\/6.jpg-300x198.jpeg 300w, https:\/\/hacklabterni.org\/wp-uploads\/2018\/01\/6.jpg-768x507.jpeg 768w, https:\/\/hacklabterni.org\/wp-uploads\/2018\/01\/6.jpg-750x495.jpeg 750w, https:\/\/hacklabterni.org\/wp-uploads\/2018\/01\/6.jpg.jpeg 772w\" sizes=\"auto, (max-width: 300px) 100vw, 300px\" \/><\/a><\/p>\n<p>Permette di realizzare incisioni, sculture e lavorazioni di grandissima precisione. Utilizzando la STEPCRAFT \u00a0e opzionali Accessori per utensili, I materiali che si possono lavorare sono praticamente illimitati:\u00a0 materiali come il legno, materiali termoplastici (PS (polistirene,), ABS, PE (polietilene), PP ( polipropilene alcuni elastomeri \/ termoindurenti, materiali misti, schede elettroniche, di carbonio \/ carbonio e metalli non ferrosi (alluminio, ottone o rame)<\/p>\n<ul>\n<li><strong>Cyclone BQ<\/strong><\/li>\n<\/ul>\n<p><a href=\"https:\/\/hacklabterni.org\/wp-uploads\/2018\/01\/3.jpg.jpeg\"><img loading=\"lazy\" decoding=\"async\" class=\"wp-image-4068 size-medium aligncenter\" src=\"https:\/\/hacklabterni.org\/wp-uploads\/2018\/01\/3.jpg-259x300.jpeg\" alt=\"\" width=\"259\" height=\"300\" srcset=\"https:\/\/hacklabterni.org\/wp-uploads\/2018\/01\/3.jpg-259x300.jpeg 259w, https:\/\/hacklabterni.org\/wp-uploads\/2018\/01\/3.jpg.jpeg 284w\" sizes=\"auto, (max-width: 259px) 100vw, 259px\" \/><\/a><\/p>\n<p>La fresa CNC Cyclone BQ presenta come principale funzione quella di\u00a0fresatura di circuiti stampanti. E\u2019\u00a0anche in grado di tagliare e incidere acrilico, legno e cera.<\/p>\n<ul>\n<li><strong>Liteplacer (Pick and Place)<br \/>\n<\/strong><\/li>\n<\/ul>\n<p><a href=\"https:\/\/hacklabterni.org\/wp-uploads\/2018\/01\/3.jpg\"><img loading=\"lazy\" decoding=\"async\" class=\"wp-image-4031 size-medium aligncenter\" src=\"https:\/\/hacklabterni.org\/wp-uploads\/2018\/01\/3-300x181.jpg\" alt=\"\" width=\"300\" height=\"181\" srcset=\"https:\/\/hacklabterni.org\/wp-uploads\/2018\/01\/3-300x181.jpg 300w, https:\/\/hacklabterni.org\/wp-uploads\/2018\/01\/3-768x463.jpg 768w, https:\/\/hacklabterni.org\/wp-uploads\/2018\/01\/3-750x452.jpg 750w, https:\/\/hacklabterni.org\/wp-uploads\/2018\/01\/3.jpg 960w\" sizes=\"auto, (max-width: 300px) 100vw, 300px\" \/><\/a><\/p>\n<p>E\u2019 una macchina robotica ad alta precisione che consente di applicare componenti elettrici su prototipi di boards con circuiti pre-stampati. Lavora a un&#8217;incredibile velocit\u00e0 consentendo di applicare dai 500 a 800 componenti all&#8217;ora. Realizzata da Juha\u00a0Kuusama, grande designer esperto di sistemi audio, abbiamo il piacere di averla a disposizione nel nostro laboratorio.<\/p>\n<ul>\n<li><strong>Stazione saldante con pistola a caldo: Atten AT8502D\u00a0<\/strong><\/li>\n<\/ul>\n<p><a href=\"https:\/\/hacklabterni.org\/wp-uploads\/2018\/01\/atten-8502d-oblique-450x400-White-b.jpg.jpeg\"><img loading=\"lazy\" decoding=\"async\" class=\"wp-image-4103 size-medium aligncenter\" src=\"https:\/\/hacklabterni.org\/wp-uploads\/2018\/01\/atten-8502d-oblique-450x400-White-b.jpg-300x267.jpeg\" alt=\"\" width=\"300\" height=\"267\" srcset=\"https:\/\/hacklabterni.org\/wp-uploads\/2018\/01\/atten-8502d-oblique-450x400-White-b.jpg-300x267.jpeg 300w, https:\/\/hacklabterni.org\/wp-uploads\/2018\/01\/atten-8502d-oblique-450x400-White-b.jpg.jpeg 450w\" sizes=\"auto, (max-width: 300px) 100vw, 300px\" \/><\/a><\/p>\n<p>L&#8217;atten AT8502D \u00e8 una stazione di saldatura\u00a0 intelligente che combina un&#8217;azione di rilavorazione per dissaldatura o saldatura ad aria calda. Il dispositivo ha un elemento riscaldante ad aria calda da 800 W che supporta campi di temperatura da 100 a 500 \u00b0 C, di flusso regolabile. Il saldatore ha un elemento da 50 W per temperature da 200 a 480 \u00b0 C.<\/p>\n<ul>\n<li><strong>Multimetro Digitale Rigol DM3058E<\/strong><\/li>\n<\/ul>\n<p><a href=\"https:\/\/hacklabterni.org\/wp-uploads\/2018\/01\/File.png\"><img loading=\"lazy\" decoding=\"async\" class=\"size-medium wp-image-4444 aligncenter\" src=\"https:\/\/hacklabterni.org\/wp-uploads\/2018\/01\/File-300x222.png\" alt=\"\" width=\"300\" height=\"222\" srcset=\"https:\/\/hacklabterni.org\/wp-uploads\/2018\/01\/File-300x222.png 300w, https:\/\/hacklabterni.org\/wp-uploads\/2018\/01\/File-768x568.png 768w, https:\/\/hacklabterni.org\/wp-uploads\/2018\/01\/File-750x555.png 750w, https:\/\/hacklabterni.org\/wp-uploads\/2018\/01\/File.png 800w\" sizes=\"auto, (max-width: 300px) 100vw, 300px\" \/><\/a>Multimetro digitale multifunzione. Cifre di risoluzione 5\u00bd digit, Accuratezza tensione DC (1 anno) 0.015%, Range tensione DC 200 mV ~ 1000 V, frequenza di campionamento max 120Sa\/s.<\/p>\n<ul>\n<li><strong>Alimentatore in DC, SIGLENT, SPD3303X-E<\/strong><\/li>\n<\/ul>\n<p><a href=\"https:\/\/hacklabterni.org\/wp-uploads\/2018\/01\/g3761.png\"><img loading=\"lazy\" decoding=\"async\" class=\"size-medium wp-image-4445 aligncenter\" src=\"https:\/\/hacklabterni.org\/wp-uploads\/2018\/01\/g3761-300x278.png\" alt=\"\" width=\"300\" height=\"278\" srcset=\"https:\/\/hacklabterni.org\/wp-uploads\/2018\/01\/g3761-300x278.png 300w, https:\/\/hacklabterni.org\/wp-uploads\/2018\/01\/g3761.png 700w\" sizes=\"auto, (max-width: 300px) 100vw, 300px\" \/><\/a><\/p>\n<p id=\"tw-target-text\" class=\"tw-data-text tw-ta tw-text-small\" dir=\"ltr\" data-placeholder=\"Traduzione\"><span lang=\"it\" tabindex=\"0\">L&#8217;alimentatore programmabile lineare serie SPD3000X ha un display TFT_LCD da 4,3 pollici, consente di vedere sul display l&#8217;onda in tempo reale, portando una nuova esperienza agli utenti. \u00c8 dotato di tre uscite isolate: due canali regolabili e un canale selezionabile da 2,5 v, 3,3 V, e 5V. Ha anche funzioni di protezione in caso di cortocircuito e sovraccarico e pu\u00f2 essere utilizzato durante le fasi di produzione e sviluppo.<\/span><\/p>\n<ul>\n<li><strong>Oscilloscopio, Rigol DS1102D<\/strong><a href=\"https:\/\/hacklabterni.org\/wp-uploads\/2018\/01\/9.jpg.jpeg\"><img loading=\"lazy\" decoding=\"async\" class=\"wp-image-4072 size-medium aligncenter\" src=\"https:\/\/hacklabterni.org\/wp-uploads\/2018\/01\/9.jpg-300x300.jpeg\" alt=\"\" width=\"300\" height=\"300\" srcset=\"https:\/\/hacklabterni.org\/wp-uploads\/2018\/01\/9.jpg-300x300.jpeg 300w, https:\/\/hacklabterni.org\/wp-uploads\/2018\/01\/9.jpg-150x150.jpeg 150w, https:\/\/hacklabterni.org\/wp-uploads\/2018\/01\/9.jpg.jpeg 600w\" sizes=\"auto, (max-width: 300px) 100vw, 300px\" \/><\/a>L&#8217;Oscilloscopio digitale Rigol DS1102D presenta 2 canali analogici, 16 canali digitali.<\/li>\n<\/ul>\n<ul>\n<li><strong>Generatore di segnali, DG1022\u00a0<\/strong><\/li>\n<\/ul>\n<p><a href=\"https:\/\/hacklabterni.org\/wp-uploads\/2018\/01\/8.jpg.jpeg\"><img loading=\"lazy\" decoding=\"async\" class=\"wp-image-4073 size-medium aligncenter\" src=\"https:\/\/hacklabterni.org\/wp-uploads\/2018\/01\/8.jpg-300x183.jpeg\" alt=\"\" width=\"300\" height=\"183\" srcset=\"https:\/\/hacklabterni.org\/wp-uploads\/2018\/01\/8.jpg-300x183.jpeg 300w, https:\/\/hacklabterni.org\/wp-uploads\/2018\/01\/8.jpg-768x468.jpeg 768w, https:\/\/hacklabterni.org\/wp-uploads\/2018\/01\/8.jpg-750x457.jpeg 750w, https:\/\/hacklabterni.org\/wp-uploads\/2018\/01\/8.jpg.jpeg 800w\" sizes=\"auto, (max-width: 300px) 100vw, 300px\" \/><\/a>Il generatore d&#8217;onda DG1022 presenta due canali analogici per creare segnali di qualit\u00e0, accurati, stabili, puliti e con bassa distorsione. Si posso generare questi tipi di segnale: onda sinusoidale, onda quadra, a rampa, a impulso o segnali di rumore. I due canali si possono utilizzare contemporaneamente.<\/p>\n<p>Oltre alle due uscite analogiche, il dispositivo include: un frequenzimetro fino a 200MHz, l&#8217;interfaccia USB-host e quella USB-device. Il men\u00f9 \u00e8 molto intuitivo: tutte le funzioni e i parametri sono facili da impostare grazie all&#8217;interfaccia grafica.<\/p>\n<ul>\n<li><strong>Alimentatore RS 150-24<\/strong><\/li>\n<\/ul>\n<p><a href=\"https:\/\/hacklabterni.org\/wp-uploads\/2018\/01\/338596.jpg.png\"><img loading=\"lazy\" decoding=\"async\" class=\"size-medium wp-image-4081 aligncenter\" src=\"https:\/\/hacklabterni.org\/wp-uploads\/2018\/01\/338596.jpg-300x225.png\" alt=\"\" width=\"300\" height=\"225\" srcset=\"https:\/\/hacklabterni.org\/wp-uploads\/2018\/01\/338596.jpg-300x225.png 300w, https:\/\/hacklabterni.org\/wp-uploads\/2018\/01\/338596.jpg.png 640w\" sizes=\"auto, (max-width: 300px) 100vw, 300px\" \/><\/a><\/p>\n<ul>\n<li><strong>Scanner 3D<\/strong><\/li>\n<\/ul>\n<p><a href=\"https:\/\/hacklabterni.org\/wp-uploads\/2018\/01\/Schermata-del-2018-02-15-18_29_53.png\"><img loading=\"lazy\" decoding=\"async\" class=\"size-medium wp-image-4075 aligncenter\" src=\"https:\/\/hacklabterni.org\/wp-uploads\/2018\/01\/Schermata-del-2018-02-15-18_29_53-202x300.png\" alt=\"\" width=\"202\" height=\"300\" srcset=\"https:\/\/hacklabterni.org\/wp-uploads\/2018\/01\/Schermata-del-2018-02-15-18_29_53-202x300.png 202w, https:\/\/hacklabterni.org\/wp-uploads\/2018\/01\/Schermata-del-2018-02-15-18_29_53.png 256w\" sizes=\"auto, (max-width: 202px) 100vw, 202px\" \/><\/a><\/p>\n<p>Lo scanner 3D portatile XYZ printing trasforma il mondo fisico in repliche digitali modificabili per riprodurle con la stampa 3D. \u00c8 rapido sia nella scansione che nella velocit\u00e0 di elaborazione. Consente un&#8217;ampia distanza di scansione, grande precisione e affidabilit\u00e0. \u00c8 semplice da usare e non si limita all&#8217;utilizzo con un PC, ma pu\u00f2 essere collegato ax un tablet con connettivit\u00e0 USB 3.0 o un notebook per un&#8217;elevata mobilit\u00e0.<\/p>\n<ul>\n<li><strong>Multimetro<\/strong><\/li>\n<\/ul>\n<p><a href=\"https:\/\/hacklabterni.org\/wp-uploads\/2018\/01\/24542.jpg.png\"><img loading=\"lazy\" decoding=\"async\" class=\"size-medium wp-image-4079 aligncenter\" src=\"https:\/\/hacklabterni.org\/wp-uploads\/2018\/01\/24542.jpg-300x225.png\" alt=\"\" width=\"300\" height=\"225\" srcset=\"https:\/\/hacklabterni.org\/wp-uploads\/2018\/01\/24542.jpg-300x225.png 300w, https:\/\/hacklabterni.org\/wp-uploads\/2018\/01\/24542.jpg.png 640w\" sizes=\"auto, (max-width: 300px) 100vw, 300px\" \/><\/a><\/p>\n<ul>\n<li><strong>Forno a raggi infrarossi per la saldatura<\/strong><\/li>\n<\/ul>\n<p><a href=\"https:\/\/hacklabterni.org\/wp-uploads\/2018\/01\/Forno-infrarossi.jpg.png\"><img loading=\"lazy\" decoding=\"async\" class=\"size-full wp-image-4077 aligncenter\" src=\"https:\/\/hacklabterni.org\/wp-uploads\/2018\/01\/Forno-infrarossi.jpg.png\" alt=\"\" width=\"300\" height=\"300\" srcset=\"https:\/\/hacklabterni.org\/wp-uploads\/2018\/01\/Forno-infrarossi.jpg.png 300w, https:\/\/hacklabterni.org\/wp-uploads\/2018\/01\/Forno-infrarossi.jpg-150x150.png 150w\" sizes=\"auto, (max-width: 300px) 100vw, 300px\" \/><\/a><\/p>\n<p>Infrared IC Heater T962 \u00e8 un forno a riflusso controllato da microprocessore, che funziona automaticamente tramite il controllo del microcomputer.\u00a0 Il T962 pu\u00f2 essere utilizzato per &#8220;risaldare&#8221;\u00a0 le saldature per correggere giunzioni di saldatura difettose, rimuovere \/ sostituire componenti difettosi e completare piccoli modelli di ingegneria o prototipi. Adottando una rapida radiazione infrarossa e circolazione del vento per il calore, quindi la temperatura \u00e8 molto precisa e uniforme. L&#8217;accuratezza del ciclo termico \u00e8 garantita da un controllo a microcomputer a circuito chiuso con riscaldatori a infrarossi, termocoppia e aria circolante. L&#8217;interfaccia utente \u00e8 implementata tramite i tasti di input T962 e un display LCD. Le modalit\u00e0 di riscaldamento preimpostate vengono selezionate dall&#8217;interazione dell&#8217;utente con il progresso del ciclo termico osservato sul display LCD.<\/p>\n<p>Presenta Funzioni varie: saldatura di ritorno, essiccazione, conservazione del calore, finalizzazione del design, raffreddamento rapido ecc.<\/p>\n<p>Un cassetto con finestra \u00e8 progettato per contenere il pezzo da lavorare.<\/p>\n<ul>\n<li><strong>Felfil Evo<\/strong><\/li>\n<\/ul>\n<p><a href=\"https:\/\/hacklabterni.org\/wp-uploads\/2018\/01\/IMG_20180722_180810-1.jpg\"><img loading=\"lazy\" decoding=\"async\" class=\"size-medium wp-image-4294 aligncenter\" src=\"https:\/\/hacklabterni.org\/wp-uploads\/2018\/01\/IMG_20180722_180810-1-300x247.jpg\" alt=\"\" width=\"300\" height=\"247\" srcset=\"https:\/\/hacklabterni.org\/wp-uploads\/2018\/01\/IMG_20180722_180810-1-300x247.jpg 300w, https:\/\/hacklabterni.org\/wp-uploads\/2018\/01\/IMG_20180722_180810-1-768x632.jpg 768w, https:\/\/hacklabterni.org\/wp-uploads\/2018\/01\/IMG_20180722_180810-1-1024x843.jpg 1024w, https:\/\/hacklabterni.org\/wp-uploads\/2018\/01\/IMG_20180722_180810-1-750x617.jpg 750w\" sizes=\"auto, (max-width: 300px) 100vw, 300px\" \/><\/a><\/p>\n<p>Felfil Evo \u00e8 un\u00a0<strong>estrusore plastico\u00a0<\/strong>sicuro e facile da usare, in grado di produrre il\u00a0<strong>filamento personalizzato e riciclato<\/strong>\u00a0per le stampanti 3D, a partire da pellet industriale o scarti plastici. Con Felfil Evo \u00e8 possibile scegliere il materiale che si preferisce per creare bobine personalizzate.<\/p>\n<p>\u00c8 un estrusore domestico progettato per essere usato da tutti gli utenti, dagli esperti di stampa 3D ai principianti; le sue dimensioni sono studiate per essere comodamente inserito in tutti gli spazi. Si pu\u00f2 creare il filamento nei due diametri pi\u00f9 utilizzati in stampa 3D, l\u20191,75 mm e il 2,85 mm, semplicemente cambiando l\u2019ugello.<\/p>\n<p>L\u2019interfaccia \u00e8 molto intuitiva e rende il prodotto facile da utilizzare. E&#8217; possibile impostare manualmente la temperatura corretta e la velocit\u00e0 per il materiale e cominciare subito a creare un filamento di alta qualit\u00e0 per la propria stampante 3D.<\/p>\n<ul>\n<li><strong>Laser Engraving &amp; Cutting Machine + Refrigeratore CW5000<\/strong><\/li>\n<\/ul>\n<p><a href=\"https:\/\/hacklabterni.org\/wp-uploads\/2018\/01\/IMG_20180722_181226.jpg\"><img loading=\"lazy\" decoding=\"async\" class=\"size-medium wp-image-4296 aligncenter\" src=\"https:\/\/hacklabterni.org\/wp-uploads\/2018\/01\/IMG_20180722_181226-300x177.jpg\" alt=\"\" width=\"300\" height=\"177\" srcset=\"https:\/\/hacklabterni.org\/wp-uploads\/2018\/01\/IMG_20180722_181226-300x177.jpg 300w, https:\/\/hacklabterni.org\/wp-uploads\/2018\/01\/IMG_20180722_181226-768x454.jpg 768w, https:\/\/hacklabterni.org\/wp-uploads\/2018\/01\/IMG_20180722_181226-1024x605.jpg 1024w, https:\/\/hacklabterni.org\/wp-uploads\/2018\/01\/IMG_20180722_181226-750x443.jpg 750w\" sizes=\"auto, (max-width: 300px) 100vw, 300px\" \/><\/a><\/p>\n<p id=\"tw-target-text\" class=\"tw-data-text tw-ta tw-text-small\" dir=\"ltr\" data-placeholder=\"Traduzione\"><span lang=\"it\">Questa macchina \u00e8 adatta per: lavorazione del legno, taglio di tessuti, prototipazione industriale, marcatura industriale , cartellonistica, marcatura di parti mediche, aerospaziale, modellistica architettonica, specialit\u00e0 pubblicit\u00e0, fabbricazione di materie plastiche, timbri in gomma, cornici per foto , incisione, taglio delle guarnizioni, puzzle, mobili, premi e riconoscimenti, penne personalizzate, tiri per porte, motivi a pergamena tagliata e altri svariati ambiti.<\/span><\/p>\n<p><a href=\"https:\/\/hacklabterni.org\/wp-uploads\/2018\/01\/IMG_20180722_181520-e1538662024312.jpg\"><img loading=\"lazy\" decoding=\"async\" class=\" wp-image-4297 aligncenter\" src=\"https:\/\/hacklabterni.org\/wp-uploads\/2018\/01\/IMG_20180722_181520-168x300.jpg\" alt=\"\" width=\"138\" height=\"246\" \/><\/a><\/p>\n<p>La Laser Engraving &amp; Cutting Machine ha in dotazione un dispositivo di raffreddamento professionale progettato per i tubi di raffreddamento attivo in router del laser. Grazie al refrigeratore CW-5000 la temperatura dell&#8217;acqua si mantiene ad un livello prestabilito, lasciando stabili\u00a0i parametri di esercizio del tubo del laser,\u00a0proteggendolo dal surriscaldamento.<\/p>\n<p dir=\"ltr\" data-placeholder=\"Traduzione\">\n","protected":false},"excerpt":{"rendered":"<p>Il laboratorio dell&#8217;HackLab ha raccolto nel corso della sua evoluzione numerosi strumenti che sono messi a disposizione di chiunque \u00e8 desideroso di dar vita alle proprie uniche creazioni. E&#8217; necessario [&hellip;]<\/p>\n","protected":false},"author":1,"featured_media":0,"parent":0,"menu_order":0,"comment_status":"closed","ping_status":"closed","template":"","meta":{"footnotes":""},"class_list":["post-4021","page","type-page","status-publish","hentry"],"_links":{"self":[{"href":"https:\/\/hacklabterni.org\/index.php?rest_route=\/wp\/v2\/pages\/4021","targetHints":{"allow":["GET"]}}],"collection":[{"href":"https:\/\/hacklabterni.org\/index.php?rest_route=\/wp\/v2\/pages"}],"about":[{"href":"https:\/\/hacklabterni.org\/index.php?rest_route=\/wp\/v2\/types\/page"}],"author":[{"embeddable":true,"href":"https:\/\/hacklabterni.org\/index.php?rest_route=\/wp\/v2\/users\/1"}],"replies":[{"embeddable":true,"href":"https:\/\/hacklabterni.org\/index.php?rest_route=%2Fwp%2Fv2%2Fcomments&post=4021"}],"version-history":[{"count":37,"href":"https:\/\/hacklabterni.org\/index.php?rest_route=\/wp\/v2\/pages\/4021\/revisions"}],"predecessor-version":[{"id":5371,"href":"https:\/\/hacklabterni.org\/index.php?rest_route=\/wp\/v2\/pages\/4021\/revisions\/5371"}],"wp:attachment":[{"href":"https:\/\/hacklabterni.org\/index.php?rest_route=%2Fwp%2Fv2%2Fmedia&parent=4021"}],"curies":[{"name":"wp","href":"https:\/\/api.w.org\/{rel}","templated":true}]}}