{"id":4822,"date":"2019-10-27T14:14:34","date_gmt":"2019-10-27T13:14:34","guid":{"rendered":"https:\/\/hacklabterni.org\/?page_id=4822"},"modified":"2021-10-27T17:04:19","modified_gmt":"2021-10-27T15:04:19","slug":"privacy-policy","status":"publish","type":"page","link":"https:\/\/hacklabterni.org\/?page_id=4822","title":{"rendered":"Privacy Policy"},"content":{"rendered":"<h3 class=\"western\" align=\"center\"><span style=\"font-family: Tahoma, sans-serif;\"><span style=\"font-size: large;\">Informazioni sul trattamento dei dati personali<\/span><\/span><\/h3>\n<p class=\"western\" align=\"center\"><span style=\"font-family: Tahoma, sans-serif;\"><span style=\"font-size: large;\">per gli utenti che visitano i siti web, ai sensi dell\u2019Art. 13 del <a href=\"https:\/\/eur-lex.europa.eu\/legal-content\/IT\/TXT\/?uri=uriserv%3AOJ.L_.2016.119.01.0001.01.ITA&amp;toc=OJ%3AL%3A2016%3A119%3ATOC\" target=\"_blank\" rel=\"noopener noreferrer\">Regolamento UE 2016\/679<\/a> (\u201cGDPR\u201d)<\/span><\/span><\/p>\n<h4 class=\"western\"><span style=\"font-family: Tahoma, sans-serif;\"><span style=\"font-size: large;\">Perch\u00e9 queste informazioni<\/span><\/span><\/h4>\n<p class=\"western\" align=\"left\"><span style=\"font-family: Tahoma, sans-serif;\"><span style=\"font-size: medium;\">Ai sensi del <b>Regolamento UE 2016\/679<\/b> del Parlamento europeo e del Consiglio, del 27 aprile 2016, \u201cGeneral Data Protection Regulation\u201d (di seguito \u201c<b>GDPR<\/b>\u201d), in questa pagina sono descritte le modalit\u00e0 di trattamento dei dati personali degli utenti che consultano i siti web, accessibili per via telematica, a partire dai seguenti indirizzi:<\/span><\/span><\/p>\n<p class=\"western\" align=\"left\"><span style=\"font-family: Tahoma, sans-serif;\"><span style=\"font-size: medium;\"><b>&#8211; <a href=\"https:\/\/hacklabterni.org\/\">hacklabterni.org<\/a> &#8211; <a href=\"http:\/\/dev.hacklabterni.org\/\">dev.hacklabterni.org<\/a> &#8211; <a href=\"http:\/\/trmf2015.hacklabterni.org\/index.html\">trmf2015.hacklabterni.org<\/a><br \/>\n<\/b><\/span><\/span><\/p>\n<p class=\"western\" align=\"left\"><span style=\"font-family: Tahoma, sans-serif;\"><span style=\"font-size: medium;\">Le presenti informazioni non riguardano altri siti, pagine o servizi online, esterne ai suddetti domini, eventualmente raggiungibili tramite link ipertestuali, o collegamenti, pubblicati in pagine o articoli dei siti web in oggetto.<\/span><\/span><\/p>\n<h4 class=\"western\"><span style=\"font-family: Tahoma, sans-serif;\"><span style=\"font-size: large;\">Titolare del trattamento<\/span><\/span><\/h4>\n<p class=\"western\" align=\"left\"><span style=\"font-family: Tahoma, sans-serif;\"><span style=\"font-size: medium;\">A seguito della consultazione dei siti sopra elencati possono essere trattati dati relativi a persone fisiche identificate o identificabili.<\/span><\/span><\/p>\n<p class=\"western\" align=\"left\"><span style=\"font-family: Tahoma, sans-serif;\"><span style=\"font-size: medium;\">Il Titolare del trattamento \u00e8: HackLab Terni APS (Via Franco Mol\u00e8, 25 &#8211; presso CAOS &#8211; 05100 Terni (TR) &#8211; email: hacklabterni[at]gmail[punto]com &#8211; pagina contatti: <a href=\"https:\/\/hacklabterni.org\/?page_id=2\">https:\/\/hacklabterni.org\/?page_id=2<\/a>)<\/span><\/span><\/p>\n<p class=\"western\" align=\"left\">Il Titolare non rientra nelle ipotesi previste dall\u2019Art. 37 c. 1, quindi non \u00e8 stato designato un Responsabile della protezione dei dati (DPO).<\/p>\n<h4 class=\"western\"><span style=\"font-family: Tahoma, sans-serif;\"><span style=\"font-size: large;\">Base giuridica del trattamento<\/span><\/span><\/h4>\n<p class=\"western\" align=\"left\"><span style=\"font-family: Tahoma, sans-serif;\"><span style=\"font-size: medium;\">I dati personali indicati in questa pagina sono trattati da HackLab Terni APS, nell\u2019esecuzione della propria attivit\u00e0, sulla base giuridica dei termini di servizio, o per obbligo di Legge, nel rispetto delle disposizioni e degli obblighi imposti dal GDPR.<\/span><\/span><\/p>\n<h4 class=\"western\"><span style=\"font-family: Tahoma, sans-serif;\"><span style=\"font-size: large;\">Tipi di dati trattati e finalit\u00e0 del trattamento<\/span><\/span><\/h4>\n<p class=\"western\" align=\"left\"><span style=\"font-family: Tahoma, sans-serif;\"><span style=\"font-size: medium;\"><i><b>Dati di navigazione<\/b><\/i><\/span><\/span><\/p>\n<p class=\"western\" align=\"left\"><span style=\"font-family: Tahoma, sans-serif;\"><span style=\"font-size: medium;\">I sistemi informatici e le procedure software preposte al funzionamento di questo sito web acquisiscono, nel corso del loro normale esercizio, alcuni dati personali la cui trasmissione \u00e8 implicita nell\u2019uso dei protocolli di comunicazione di Internet.<\/span><\/span><\/p>\n<p class=\"western\" align=\"left\"><span style=\"font-family: Tahoma, sans-serif;\"><span style=\"font-size: medium;\">Si tratta di informazioni che non sono raccolte per essere associate a interessati identificati, ma che per loro stessa natura potrebbero, attraverso elaborazioni ed associazioni con dati detenuti da terzi, permettere di identificare gli utenti.<\/span><\/span><\/p>\n<p class=\"western\" align=\"left\"><span style=\"font-family: Tahoma, sans-serif;\"><span style=\"font-size: medium;\">In questa categoria di dati rientrano gli indirizzi IP o i nomi di dominio dei computer utilizzati dagli utenti che si connettono al sito, gli indirizzi in notazione URI \/ URL (Uniform Resource Identifier \/ Uniform Resource Locator) delle risorse richieste, l\u2019orario della richiesta, il metodo utilizzato nel sottoporre la richiesta al server, la dimensione del file ottenuto in risposta, il codice numerico indicante lo stato della risposta data dal server (buon fine, errore, etc.) ed altri parametri relativi al sistema operativo e all\u2019ambiente informatico dell\u2019utente.<\/span><\/span><\/p>\n<p class=\"western\" align=\"left\"><span style=\"font-family: Tahoma, sans-serif;\"><span style=\"font-size: medium;\">Questi dati vengono utilizzati al solo fine di ricavare informazioni statistiche anonime sull\u2019uso del sito (pagine pi\u00f9 visitate, numero di visitatori giornalieri, aree geografiche di provenienza, etc.) e per controllarne il corretto funzionamento.<\/span><\/span><\/p>\n<p class=\"western\" align=\"left\"><span style=\"font-family: Tahoma, sans-serif;\"><span style=\"font-size: medium;\">I dati potrebbero essere utilizzati per l\u2019accertamento di responsabilit\u00e0 in caso di ipotetici reati informatici ai danni del sito: salva questa eventualit\u00e0, i dati sui contatti web non persistono per pi\u00f9 di 7 giorni.<\/span><\/span><\/p>\n<p class=\"western\" align=\"left\"><span style=\"font-family: Tahoma, sans-serif;\"><span style=\"font-size: medium;\"><i><b>Dati comunicati dall\u2019utente<\/b><\/i><\/span><\/span><\/p>\n<p class=\"western\" align=\"left\"><span style=\"font-family: Tahoma, sans-serif;\"><span style=\"font-size: medium;\">L\u2019invio facoltativo, esplicito e volontario di messaggi agli indirizzi di contatto su questo sito comporta la successiva acquisizione dell\u2019indirizzo del mittente, necessario per rispondere alle richieste, nonch\u00e9 degli eventuali altri dati personali inseriti nella comunicazione.<\/span><\/span><\/p>\n<p class=\"western\" align=\"left\"><span style=\"font-family: Tahoma, sans-serif;\"><span style=\"font-size: medium;\">Specifiche informative sintetiche saranno pubblicate nelle pagine del sito predisposte per l\u2019erogazione di determinati servizi.<\/span><\/span><\/p>\n<p class=\"western\" align=\"left\">Una stringa anonimizzata creata a in base al tuo indirizzo email (altrimenti detta hash), pu\u00f2 essere fornita al servizio Gravatar per vedere se lo stai usando. La Privacy Policy del servizio Gravatar \u00e8 disponibile a questo indirizzo: https:\/\/automattic.com\/privacy\/. Dopo l&#8217;approvazione di un tuo commento, la tua immagine del profilo \u00e8 visibile al pubblico nel contesto dei tuoi eventuali commenti.<\/p>\n<p class=\"western\" align=\"left\"><span style=\"font-family: Tahoma, sans-serif;\"><span style=\"font-size: medium;\"><i><b>Cookie e altri sistemi di tracciamento<\/b><\/i><\/span><\/span><\/p>\n<p class=\"western\" align=\"left\"><span style=\"font-family: Tahoma, sans-serif;\"><span style=\"font-size: medium;\">Non sono usati cookie per la profilazione degli utenti, n\u00e9 vengono impiegati altri metodi di tracciamento, da parte di HackLab Terni APS.<\/span><\/span><\/p>\n<p class=\"western\" align=\"left\"><span style=\"font-family: Tahoma, sans-serif;\"><span style=\"font-size: medium;\">Eventuali Cookies di profilazione (di terze parti) per inviare pubblicit\u00e0 in linea con le tue preferenze, possono essere usati da altri siti, pagine o servizi esterni, incorporati o collegati in pagine e articoli dei siti web in oggetto. <\/span><\/span><\/p>\n<p class=\"western\" align=\"left\"><span style=\"font-family: Tahoma, sans-serif;\"><span style=\"font-size: medium;\">In fondo alla pagina trovi i link per maggiori informazioni sulla gestione dei Cookies.<\/span><\/span><\/p>\n<p class=\"western\" align=\"left\"><span style=\"font-family: Tahoma, sans-serif;\"><span style=\"font-size: medium;\">Vengono altres\u00ec usati cookie di sessione (non persistenti) in modo strettamente limitato a quanto necessario per la navigazione sicura ed efficiente dei siti web. <\/span><\/span><\/p>\n<p class=\"western\" align=\"left\"><span style=\"font-family: Tahoma, sans-serif;\"><span style=\"font-size: medium;\">La memorizzazione dei cookie di sessione nei terminali o nei browser \u00e8 sotto il controllo dell\u2019utente, laddove sui server, al termine delle sessioni HTTP, informazioni relative ai cookie restano registrate nei log dei servizi, con tempi di conservazione comunque non superiori ai 7 giorni al pari degli altri dati di navigazione.<\/span><\/span><\/p>\n<h4 class=\"western\"><span style=\"font-family: Tahoma, sans-serif;\"><span style=\"font-size: large;\">Destinatari dei dati<\/span><\/span><\/h4>\n<p class=\"western\" align=\"left\"><span style=\"font-family: Tahoma, sans-serif;\"><span style=\"font-size: medium;\">I destinatari dei dati raccolti dalla navigazione sono designati Responsabili del trattamento, ai sensi dell\u2019Art. 28 del GDPR. Per questo sito web, HackLab Terni APS ha designato i seguenti soggetti:<\/span><\/span><\/p>\n<p class=\"western\" align=\"left\">&#8211; HackLab Terni APS, gestisce in autonomia i servizi di pubblicazione di contenuti e manutenzione della piattaforma web; &#8211; Automattic Inc., quale sviluppatore del motore e dei servizi su cui si basa la piattaforma web.<\/p>\n<h4 class=\"western\"><span style=\"font-family: Tahoma, sans-serif;\"><span style=\"font-size: large;\">Modalit\u00e0 del trattamento<\/span><\/span><\/h4>\n<p class=\"western\" align=\"left\"><span style=\"font-family: Tahoma, sans-serif;\"><span style=\"font-size: medium;\">I dati personali sono trattati con strumenti automatizzati, per il tempo strettamente necessario a conseguire gli scopi per cui sono stati raccolti, e la successiva elaborazione da parte di personale qualificato ed autorizzato.<\/span><\/span><\/p>\n<p class=\"western\" align=\"left\"><span style=\"font-family: Tahoma, sans-serif;\"><span style=\"font-size: medium;\">Specifiche misure di sicurezza sono osservate per prevenire la perdita dei dati, usi illeciti o non corretti ed accessi non autorizzati.<\/span><\/span><\/p>\n<h4 class=\"western\"><span style=\"font-family: Tahoma, sans-serif;\"><span style=\"font-size: large;\">Diritti degli interessati<\/span><\/span><\/h4>\n<p class=\"western\" align=\"left\"><span style=\"font-family: Tahoma, sans-serif;\"><span style=\"font-size: medium;\">Gli interessati hanno il diritto di ottenere da HackLab Terni APS, nei casi previsti, l\u2019accesso ai propri dati personali e la rettifica o la cancellazione degli stessi, o la limitazione del trattamento che li riguarda o di opporsi al trattamento, o la revoca del consenso prestato al trattamento (Artt. da 15 a 22 e Art. 7 del GDPR).<\/span><\/span><\/p>\n<h4 class=\"western\"><span style=\"font-family: Tahoma, sans-serif;\"><span style=\"font-size: large;\">Diritto di proporre reclamo<\/span><\/span><\/h4>\n<p class=\"western\" align=\"left\"><span style=\"font-family: Tahoma, sans-serif;\"><span style=\"font-size: medium;\">Gli interessati che ritengono che il trattamento dei loro dati personali, effettuato tramite questo sito web, avvenga in violazione di quanto previsto dal GDPR, hanno il diritto di proporre reclamo all\u2019Autorit\u00e0 di Controllo competente (in Italia: il Garante per la protezione dei dati personali), come previsto dall\u2019Art. 77 del GDPR stesso.<\/span><\/span><\/p>\n<p class=\"western\" align=\"left\"><span style=\"font-family: Tahoma, sans-serif;\"><span style=\"font-size: medium;\">Ultima revisione: 27\/10\/2021<\/span><\/span><\/p>\n<p class=\"western\" align=\"left\"><span style=\"font-family: Tahoma, sans-serif;\"><span style=\"font-size: medium;\">Per maggiori informazioni sul trattamento dei tuoi dati personali:<\/span><\/span><\/p>\n<p class=\"western\" align=\"left\"><a href=\"https:\/\/hacklabterni.org\/?page_id=4828\">Cookies Policy<\/a><\/p>\n<p class=\"western\" align=\"left\"><a href=\"https:\/\/hacklabterni.org\/?page_id=4840\">Informative Art. 13 GDPR<\/a><\/p>\n<p class=\"western\" align=\"left\"><a href=\"https:\/\/hacklabterni.org\/?page_id=2\">Contatti<\/a><\/p>\n<p>Questa <em>Privacy Policy<\/em>, conforme al GDPR, insieme agli altri documenti a norma del Regolamento UE 2016\/679, sono stati elaborati con la\u00a0<a href=\"https:\/\/www.likegdpr.com\/listino-prezzi\/#consulenza-privacy-associazioni-prezzi-listino\" target=\"_blank\" rel=\"noopener noreferrer\">Suite GDPR Full Associazioni No-profit<\/a> per <strong>HackLab Terni APS<\/strong> da <a href=\"https:\/\/www.likegdpr.com\/vendor\/clodio-solitario-consulente-privacy-gdpr\/\" target=\"_blank\" rel=\"noopener noreferrer\">Clodio Solitario consulente Privacy GDPR<\/a>.<\/p>\n","protected":false},"excerpt":{"rendered":"<p>Informazioni sul trattamento dei dati personali per gli utenti che visitano i siti web, ai sensi dell\u2019Art. 13 del Regolamento UE 2016\/679 (\u201cGDPR\u201d) Perch\u00e9 queste informazioni Ai sensi del Regolamento [&hellip;]<\/p>\n","protected":false},"author":48,"featured_media":0,"parent":4819,"menu_order":2,"comment_status":"closed","ping_status":"closed","template":"","meta":{"footnotes":""},"class_list":["post-4822","page","type-page","status-publish","hentry"],"_links":{"self":[{"href":"https:\/\/hacklabterni.org\/index.php?rest_route=\/wp\/v2\/pages\/4822","targetHints":{"allow":["GET"]}}],"collection":[{"href":"https:\/\/hacklabterni.org\/index.php?rest_route=\/wp\/v2\/pages"}],"about":[{"href":"https:\/\/hacklabterni.org\/index.php?rest_route=\/wp\/v2\/types\/page"}],"author":[{"embeddable":true,"href":"https:\/\/hacklabterni.org\/index.php?rest_route=\/wp\/v2\/users\/48"}],"replies":[{"embeddable":true,"href":"https:\/\/hacklabterni.org\/index.php?rest_route=%2Fwp%2Fv2%2Fcomments&post=4822"}],"version-history":[{"count":13,"href":"https:\/\/hacklabterni.org\/index.php?rest_route=\/wp\/v2\/pages\/4822\/revisions"}],"predecessor-version":[{"id":5056,"href":"https:\/\/hacklabterni.org\/index.php?rest_route=\/wp\/v2\/pages\/4822\/revisions\/5056"}],"up":[{"embeddable":true,"href":"https:\/\/hacklabterni.org\/index.php?rest_route=\/wp\/v2\/pages\/4819"}],"wp:attachment":[{"href":"https:\/\/hacklabterni.org\/index.php?rest_route=%2Fwp%2Fv2%2Fmedia&parent=4822"}],"curies":[{"name":"wp","href":"https:\/\/api.w.org\/{rel}","templated":true}]}}